{"id":5387,"date":"2025-03-25T17:43:56","date_gmt":"2025-03-25T16:43:56","guid":{"rendered":"https:\/\/skrivanek.sk\/kapcsolat\/"},"modified":"2026-02-19T15:00:56","modified_gmt":"2026-02-19T14:00:56","slug":"kapcsolat","status":"publish","type":"page","link":"https:\/\/skrivanek.sk\/hu\/kapcsolat\/","title":{"rendered":"Kapcsolat"},"content":{"rendered":"<div id=\"pl-5387\"  class=\"panel-layout\" ><div id=\"pg-5387-0\"  class=\"panel-grid panel-has-style\" ><div class=\"siteorigin-panels-stretch panel-row-padding-none panel-row-style panel-row-style-for-5387-0\" id=\"all-branches\" data-stretch-type=\"full\" ><div id=\"pgc-5387-0-0\"  class=\"panel-grid-cell\" ><div id=\"panel-5387-0-0-0\" class=\"so-panel widget widget_siteorigin-panels-postloop panel-first-child panel-last-child\" data-index=\"0\" ><h3 class=\"widget-title\">Na\u0161e pobo\u010dky<\/h3>\n\n  <!-- .posts -->\n  <div class=\"loop-places row\">\n\n\t  \n    <!-- article -->\n    <article class=\"col-12 col-md-6 shadow rounded post-5845 skrv-place type-skrv-place status-publish has-post-thumbnail hentry\" id=\"post-5845\">\n\n      <div class=\"entry-container\">\n\n        <header class=\"place-header\">\n          <span class=\"icon icon-location icon-outline\"><\/span><h3 class=\"post-title place-title f-general\">Bratislava<\/h3>\n        <\/header>\n\n        <address class=\"place-gm-info\"><p><span class=\"address-line1\">Jaro\u0161ova 1<\/span><br \/>\n<span class=\"postal-code\">831 03<\/span> <span class=\"locality\">Bratislava<\/span><br \/>\n<span class=\"country\">Slovensko<\/span><\/p>\n<p><strong>Nyelviskola<\/strong><br \/>\nE-mail: <a href=\"javascript:secureDecryptAndNavigate('RmIpm6ZfNSiR2GT7y3VwMR++I3GjdqITu4Bi6Qqbz6mJfofRsttVXrK3defhNwU\/PQV0o8XvtGHqGnvkcrMiwj+ihugGnNsA3sEjkBGa4IeAZYn+', '7b1a4fcbd15cdc4ff298d45c643aedac25b9f5dfd3b401621c50aebc320da748')\">br&#97;t&#105;s&#108;ava&#64;sk&#111;&#108;&#97;.s&#107;&#114;ivanek.&#115;&#107;<\/a><br \/>\n<span class=\"caps\">GSM<\/span>: +421 902 904\u00a0153<\/p>\n<p><strong>Ford\u00edt\u00e1s \u00e9s tolm\u00e1csol\u00e1s<\/strong><br \/>\nE-mail: <a href=\"javascript:secureDecryptAndNavigate('prPXYVr9xlNCi7IjBbommHVYgICOBxh4KUOofvLPs1W1uC45AuoTcJF0IFSiWWHucekHCb4kosm4XrtC95YmeBMu6rR1dibXBemOvQ==', '7b1a4fcbd15cdc4ff298d45c643aedac25b9f5dfd3b401621c50aebc320da748')\">&#112;r&#101;&#107;&#108;&#97;dy&#64;&#115;&#107;r&#105;v&#97;&#110;e&#107;.sk<\/a><br \/>\n<span class=\"caps\">GSM<\/span>: +421 903 220\u00a0055<\/p>\n<p><strong>Igazgat\u00f3 Szlov\u00e1kia<\/strong><br \/>\nIng. Katar\u00edna Tk\u00e1\u010dov\u00e1<br \/>\nE-mail:\u00a0<a href=\"javascript:secureDecryptAndNavigate('fuCt+leivsmu8PMUjHlqBdsBvt3+Jmt7plMAafGpO4xlqzu6Dr8IyoPPNeoF6Xy3ZEh1ePXD0bKHDlDuuCBEbBxGAYlyE0kRX41IHfUWTwkj5slf', '7b1a4fcbd15cdc4ff298d45c643aedac25b9f5dfd3b401621c50aebc320da748')\">k&#97;&#116;a&#114;&#105;&#110;&#97;.tk&#97;&#99;&#111;va&#64;&#115;kriv&#97;&#110;ek.&#115;k<\/a><br \/>\n<span class=\"caps\">GSM<\/span>: +421 902\u00a0904\u00a0149<\/p>\n<\/address>\n\n        \n        \n        <figure class=\"thumbnail\">\n          <a href=\"https:\/\/skrivanek.sk\/hu\/office\/bratislava\/\" class=\"\" title=\"Bratislava\">\n            <img decoding=\"async\" src=\"https:\/\/skrivanek.sk\/wp-content\/uploads\/2021\/02\/jarosova-slider-3-1-512x340.jpg\" alt=\"jarosova-slider-3\" \/>\n            <span class=\"btn btn-light\">Details<\/span>\n          <\/a>\n        <\/figure>\n\n        \n      <\/div>\n\n    <\/article>\n    <!-- \/article -->\n\n    \n    <!-- article -->\n    <article class=\"col-12 col-md-6 shadow rounded post-5855 skrv-place type-skrv-place status-publish has-post-thumbnail hentry\" id=\"post-5855\">\n\n      <div class=\"entry-container\">\n\n        <header class=\"place-header\">\n          <span class=\"icon icon-location icon-outline\"><\/span><h3 class=\"post-title place-title f-general\">Ko\u0161ice<\/h3>\n        <\/header>\n\n        <address class=\"place-gm-info\"><p><span class=\"address-line1\">Werferova 1<\/span><br \/>\n<span class=\"postal-code\">040 11<\/span> <span class=\"locality\">Ko\u0161ice<\/span><br \/>\n<span class=\"country\">Slovensko<\/span><\/p>\n<p><strong>Nyelviskola<\/strong><br \/>\nEmail: <a href=\"javascript:secureDecryptAndNavigate('4EJZggCsd1ND7iLdF9FJRnm3s09TzQAoM3hExMr3fv\/fteUC3VS8iGq+pDvczTYxsWfMr\/e979HZojCaAPzI\/QFeTovrBRg8GqCRotpXVrY=', '7b1a4fcbd15cdc4ff298d45c643aedac25b9f5dfd3b401621c50aebc320da748')\">ko&#115;&#105;&#99;e&#64;s&#107;o&#108;&#97;&#46;&#115;k&#114;&#105;vanek&#46;&#115;k<\/a> <\/a><br \/>\n<span class=\"caps\">GSM<\/span>: +421 910 584\u00a0184<\/p>\n<p><strong>Ford\u00edt\u00e1s \u00e9s tolm\u00e1csol\u00e1s<\/strong><br \/>\nEmail: <a href=\"javascript:secureDecryptAndNavigate('CFpsotbvypiREd\/5ivF63IpFFMjFT5+3mtxO3tce9PBJzTyuqVtbQng6QMOkWt4I8MQIZvCj70NZ+U9xgukTdfbQTSw8dqNdGZOT6A==', '7b1a4fcbd15cdc4ff298d45c643aedac25b9f5dfd3b401621c50aebc320da748')\">&#112;&#114;ek&#108;&#97;d&#121;&#64;&#115;&#107;r&#105;&#118;a&#110;&#101;&#107;.&#115;&#107;<\/a><br \/>\n<span class=\"caps\">GSM<\/span>: +421 910 584 184<\/p>\n<p><strong>Igazgat\u00f3 Szlov\u00e1kia<\/strong><br \/>\nIng. Katar\u00edna Tk\u00e1\u010dov\u00e1<br \/>\nE-mail:\u00a0<a href=\"javascript:secureDecryptAndNavigate('WEJHrb02X9\/SUkX9l1K\/5Xj3IsffBsdxHrieIGqjTVUq2S9UAEEkRHUusE0VGw3MgyS0Ux2EnHfUjpDsj9sXqrAO6G7H6XFQSpQmo+4vBujfHhxb', '7b1a4fcbd15cdc4ff298d45c643aedac25b9f5dfd3b401621c50aebc320da748')\">ka&#116;&#97;ri&#110;a&#46;t&#107;&#97;cova&#64;s&#107;&#114;&#105;v&#97;&#110;&#101;k&#46;s&#107;<\/a><br \/>\n<span class=\"caps\">GSM<\/span>: +421 902 904\u00a0149<\/p>\n<\/address>\n\n        \n        \n        <figure class=\"thumbnail\">\n          <a href=\"https:\/\/skrivanek.sk\/hu\/office\/kosice\/\" class=\"\" title=\"Ko\u0161ice\">\n            <img decoding=\"async\" src=\"https:\/\/skrivanek.sk\/wp-content\/uploads\/2021\/02\/aston-512x340.jpg\" alt=\"aston\" \/>\n            <span class=\"btn btn-light\">Details<\/span>\n          <\/a>\n        <\/figure>\n\n        \n      <\/div>\n\n    <\/article>\n    <!-- \/article -->\n\n    \n    \n  <\/div>\n  <!-- \/posts -->\n\n<\/div><\/div><\/div><\/div><\/div>","protected":false},"excerpt":{"rendered":"<p>Na\u0161e pobo\u010dky Bratislava Jaro\u0161ova 1 831 03 Bratislava Slovensko Nyelviskola E-mail: &#98;r&#97;tisl&#97;&#118;&#97;&#64;&#115;k&#111;&#108;&#97;.&#115;&#107;&#114;&#105;v&#97;n&#101;&#107;.sk GSM: +421 902 904\u00a0153 Ford\u00edt\u00e1s \u00e9s tolm\u00e1csol\u00e1s E-mail: pr&#101;&#107;la&#100;&#121;&#64;skr&#105;van&#101;k&#46;&#115;k GSM: +421 903 220\u00a0055 Igazgat\u00f3 Szlov\u00e1kia Ing. Katar\u00edna Tk\u00e1\u010dov\u00e1 E-mail:\u00a0ka&#116;&#97;&#114;i&#110;&#97;&#46;&#116;k&#97;&#99;&#111;v&#97;&#64;skri&#118;an&#101;k.&#115;&#107; GSM: +421 902\u00a0904\u00a0149 Details Ko\u0161ice Werferova 1 040 11 Ko\u0161ice Slovensko Nyelviskola Email: kosi&#99;e&#64;sk&#111;la&#46;&#115;&#107;r&#105;v&#97;ne&#107;.s&#107; GSM: +421 910 584\u00a0184 Ford\u00edt\u00e1s \u00e9s tolm\u00e1csol\u00e1s Email: &#112;&#114;e&#107;&#108;ady&#64;&#115;&#107;riva&#110;&#101;k&#46;&#115;k GSM: [&hellip;]<\/p>\n","protected":false},"author":1,"featured_media":0,"parent":0,"menu_order":0,"comment_status":"closed","ping_status":"closed","template":"template-parts\/page-template__contact.php","meta":{"_acf_changed":false,"footnotes":""},"class_list":["post-5387","page","type-page","status-publish","hentry"],"acf":[],"_links":{"self":[{"href":"https:\/\/skrivanek.sk\/hu\/wp-json\/wp\/v2\/pages\/5387","targetHints":{"allow":["GET"]}}],"collection":[{"href":"https:\/\/skrivanek.sk\/hu\/wp-json\/wp\/v2\/pages"}],"about":[{"href":"https:\/\/skrivanek.sk\/hu\/wp-json\/wp\/v2\/types\/page"}],"author":[{"embeddable":true,"href":"https:\/\/skrivanek.sk\/hu\/wp-json\/wp\/v2\/users\/1"}],"replies":[{"embeddable":true,"href":"https:\/\/skrivanek.sk\/hu\/wp-json\/wp\/v2\/comments?post=5387"}],"version-history":[{"count":4,"href":"https:\/\/skrivanek.sk\/hu\/wp-json\/wp\/v2\/pages\/5387\/revisions"}],"predecessor-version":[{"id":6305,"href":"https:\/\/skrivanek.sk\/hu\/wp-json\/wp\/v2\/pages\/5387\/revisions\/6305"}],"wp:attachment":[{"href":"https:\/\/skrivanek.sk\/hu\/wp-json\/wp\/v2\/media?parent=5387"}],"curies":[{"name":"wp","href":"https:\/\/api.w.org\/{rel}","templated":true}]}}