{"id":5286,"date":"2025-03-25T17:43:43","date_gmt":"2025-03-25T16:43:43","guid":{"rendered":"https:\/\/skrivanek.sk\/jazykova-skola-hu\/tanfolyam-tipusok\/"},"modified":"2026-02-19T16:36:23","modified_gmt":"2026-02-19T15:36:23","slug":"tanfolyam-tipusok","status":"publish","type":"page","link":"https:\/\/skrivanek.sk\/hu\/nyelviskola\/tanfolyam-tipusok\/","title":{"rendered":"Tanfolyam t\u00edpusok"},"content":{"rendered":"<div id=\"pl-5286\"  class=\"panel-layout\" ><div id=\"pg-5286-0\"  class=\"panel-grid panel-has-style\" ><div class=\"siteorigin-panels-stretch panel-row-padding-none panel-row-style panel-row-style-for-5286-0\" data-stretch-type=\"full\" ><div id=\"pgc-5286-0-0\"  class=\"panel-grid-cell\" ><div id=\"panel-5286-0-0-0\" class=\"so-panel widget widget_wpa9-card-m panel-first-child panel-last-child\" data-index=\"0\" ><div\n\t\t\t\n\t\t\tclass=\"so-widget-wpa9-card-m so-widget-wpa9-card-m-default-c93e1481a745-5286\"\n\t\t\t\n\t\t>\n\n<section class=\"wpa9-card wpa9-card-m-container d-flex flex-wrap justify-content-center XRMp0F\">\n\n\t\n\t\t\n\t\t\t\n\t<article class=\"wpa9-card-m-panel wpa9-panel \">\n\t<div class=\"rounded\">\n\t\t\t\t<header class=\"d-block flex-wrap pb-4\">\n\t\t\t\n\t\t\t\t\t\t\t\t<h2 class=\"wpa9-card-title\">Csoportos oktat\u00e1s<\/h2>\n\t\t\t\t<\/header>\n\n\t\t\t\t<main class=\"wpa9-card-content\"><p>17 nyelvet tan\u00edtunk 48 nyelvtanfolyamon, amelyek c\u00e9lja a kommunik\u00e1ci\u00f3s k\u00e9szs\u00e9gek fejleszt\u00e9se.\u00a0V\u00e1lassza ki az \u00d6nnek id\u0151 \u00e9s tartalom szempontj\u00e1b\u00f3l megfelel\u0151 tanfolyamot.\u00a0Kezdje el\u00a0most!<\/p>\n<p>+ Az \u00f6sszes r\u00e9sztvev\u0151 k\u00f6z\u00f6s kommunik\u00e1ci\u00f3ja \u00e9s motiv\u00e1ci\u00f3ja<\/p>\n<p>+ Megfizethet\u0151 \u00e9s id\u0151takar\u00e9kos<\/p>\n<p>+ Felold\u00f3dik a nyelve, megszabadul a f\u00e9lelemt\u0151l<\/p>\n<p>- Id\u0151 \u00e9s hely tekintet\u00e9ben kev\u00e9sb\u00e9 rugalmas<\/p>\n<\/main>\n\t\t\n\t<\/div>\t<\/article>\n\t\t\n\t\t\t\n\t<article class=\"wpa9-card-m-panel wpa9-panel \">\n\t<div class=\"rounded\">\n\t\t\t\t<header class=\"d-block flex-wrap pb-4\">\n\t\t\t\n\t\t\t\t\t\t\t\t<h2 class=\"wpa9-card-title\">Rugalmas tanfolyamok<\/h2>\n\t\t\t\t<\/header>\n\n\t\t\t\t<main class=\"wpa9-card-content\"><p>Mi\u00e9rt rugalmas? Ezek rugalmas \u00e1r\u00fa tanfolyamok. Min\u00e9l t\u00f6bb tanul\u00f3 van a csoportban, ann\u00e1l alacsonyabb a tanfolyam \u00e1ra egy\u00e9nenk\u00e9nt!<br \/>\nA nyelvi audit alapj\u00e1n maximum 8 f\u0151s, hasonl\u00f3 nyelvi szinttel rendelkez\u0151 di\u00e1kcsoport sz\u00e1m\u00e1ra hat\u00e1rozzuk meg a tananyagot\u00a0.<\/p>\n<p>+ Az \u00f6sszes r\u00e9sztvev\u0151 kommunik\u00e1ci\u00f3ja \u00e9s motiv\u00e1ci\u00f3ja<\/p>\n<p>+ Felold\u00f3dik a nyelve, megszabadul a f\u00e9lelemt\u0151l<\/p>\n<p>+ Jobb nyelvtud\u00e1s a v\u00e1llalaton bel\u00fcl<\/p>\n<p>- Kis l\u00e9tsz\u00e1m\u00fa csoport eset\u00e9n az anyagi teher nagyobb, mint a csoportos oktat\u00e1sn\u00e1l<\/p>\n<\/main>\n\t\t\n\t<\/div>\t<\/article>\n\t\t\n\t\t\t\n\t<article class=\"wpa9-card-m-panel wpa9-panel \">\n\t<div class=\"rounded\">\n\t\t\t\t<header class=\"d-block flex-wrap pb-4\">\n\t\t\t\n\t\t\t\t\t\t\t\t<h2 class=\"wpa9-card-title\">Egy\u00e9ni oktat\u00e1s<\/h2>\n\t\t\t\t<\/header>\n\n\t\t\t\t<main class=\"wpa9-card-content\"><p>Az oktat\u00e1s leghat\u00e9konyabb \u00e9s leggyorsabb form\u00e1ja az, ahol az oktat\u00f3 csak \u00d6nre koncentr\u00e1l. Az egyes leck\u00e9k tartalm\u00e1t az \u00d6n ig\u00e9nyeihez \u00e9s sz\u00fcks\u00e9gleteihez igaz\u00edtjuk egy el\u0151re meghat\u00e1rozott, de rugalmas tanulm\u00e1nyi terv szerint\u00a0.<\/p>\n<p>Az egy\u00e9ni oktat\u00e1s ide\u00e1lis felk\u00e9sz\u00fcl\u00e9s egy szolg\u00e1lati \u00fatra vagy egy k\u00fclf\u00f6ldi \u00fcgyf\u00e9lnek tartott prezent\u00e1ci\u00f3ra. Ily m\u00f3don speci\u00e1lis nyelvtanfolyamokat is szervez\u00fcnk olyan ter\u00fcleteken, mint pld. a k\u00f6zgazdas\u00e1gtan, orvostudom\u00e1ny, vizsg\u00e1khoz kapcsol\u00f3d\u00f3 tanfolyamok,\u00a0FCE,\u00a0CAE\u00a0stb.\u00a0.<\/p>\n<p>+ Egy\u00e9ni tanfolyam szintje \u00e9s t\u00e9m\u00e1ja<\/p>\n<p>+ Tank\u00f6nyv \u00e9s oktat\u00f3 kiv\u00e1laszt\u00e1s<\/p>\n<p>+ Gyorsabb el\u0151rehalad\u00e1s<\/p>\n<p>+ Id\u0151beli rugalmass\u00e1g<\/p>\n<p>- A csoportt\u00e1rsak t\u00e1mogat\u00e1s\u00e1nak hi\u00e1nya<\/p>\n<\/main>\n\t\t\n\t<\/div>\t<\/article>\n\t\t\n\t\t\t\n\t<article class=\"wpa9-card-m-panel wpa9-panel \">\n\t<div class=\"rounded\">\n\t\t\t\t<header class=\"d-block flex-wrap pb-4\">\n\t\t\t\n\t\t\t\t\t\t\t\t<h2 class=\"wpa9-card-title\">K\u00fclf\u00f6ldi nyelvtanfolyamok<\/h2>\n\t\t\t\t<\/header>\n\n\t\t\t\t<main class=\"wpa9-card-content\"><p>Szeretne gyorsan \u00e9s megb\u00edzhat\u00f3an megtanulni egy idegen nyelvet? A k\u00fclf\u00f6ldi nyelvtanfolyamok t\u00f6k\u00e9letesek erre a c\u00e9lra. Nemcsak nyelvtanfolyamokon vesz r\u00e9szt, hanem a szabadidej\u00e9ben is haszn\u00e1lja az idegen nyelvet\u00a0.<\/p>\n<p>Az idegennyelv-tanfolyamokkal egybek\u00f6t\u00f6tt k\u00fclf\u00f6ldi tanfolyamok gyorsan emelik a nyelvi szintj\u00e9t, \u00e9s megtan\u00edtj\u00e1k\u00a0kommunik\u00e1lni.<\/p>\n<p>+ Kommunik\u00e1ci\u00f3 az oktat\u00e1son bel\u00fcl \u00e9s a szok\u00e1sos k\u00f6rnyezetben<\/p>\n<p>+ Intenz\u00edv nyelvi szint emelked\u00e9s<\/p>\n<p>+ Felold\u00f3dik a nyelve, megszabadul a f\u00e9lelemt\u0151l<\/p>\n<p>- Az idegen k\u00f6rnyezethez val\u00f3 gyors alkalmazkod\u00e1s sz\u00fcks\u00e9gess\u00e9ge<\/p>\n<\/main>\n\t\t\n\t<\/div>\t<\/article>\n\t\t\n\t\t\t\n\t<article class=\"wpa9-card-m-panel wpa9-panel \">\n\t<div class=\"rounded\">\n\t\t\t\t<header class=\"d-block flex-wrap pb-4\">\n\t\t\t\n\t\t\t\t\t\t\t\t<h2 class=\"wpa9-card-title\">Skype oktat\u00e1s<\/h2>\n\t\t\t\t<\/header>\n\n\t\t\t\t<main class=\"wpa9-card-content\"><p>A Skype-\u00f3ra lehet tiszt\u00e1n t\u00e1rsalg\u00e1si \u00e9s klasszikus jelleg\u0171, amely az \u00f6sszes k\u00e9szs\u00e9gre kiterjed. Az oktat\u00f3 \u00e9s a di\u00e1k gyakorlatokat cser\u00e9lnek \u00e9s k\u00fcldenek egym\u00e1snak, vagy gyakorolj\u00e1k a kiejt\u00e9st. A klasszikus cseveg\u00e9s is el\u00e9rhet\u0151, amely lehet\u0151v\u00e9 teszi, hogy k\u00f6zvetlen\u00fcl online, az\u00a0oldalon dolgozzon az \u00edrott sz\u00f6veggel.<\/p>\n<p>Lehet\u0151s\u00e9g van csoportos tanfolyamok szervez\u00e9s\u00e9re is max. 3 di\u00e1k r\u00e9szv\u00e9tel\u00e9vel, a Skype-konferencia funkci\u00f3 ig\u00e9nybev\u00e9tel\u00e9vel. Ebben az esetben az oktat\u00f3 klasszikus csoportgyakorlatokat \u00e9s besz\u00e9lget\u00e9seket is tart az egyes\u00a0hallgat\u00f3k k\u00f6z\u00f6tt.<\/p>\n<p>+ El\u00e9rhet\u0151s\u00e9g: b\u00e1rhonnan \u00e9s b\u00e1rmikor<\/p>\n<p>+ Lecke felv\u00e9tel el\u00e9rhet\u0151<\/p>\n<p>+ Egy\u00e9ni oktat\u00e1si temp\u00f3<\/p>\n<p>+ A hangs\u00faly a kommunik\u00e1ci\u00f3n van<\/p>\n<p>+ Szlov\u00e1k oktat\u00f3k \u00e9s b\u00e1rmely vil\u00e1gnyelv anyanyelvi besz\u00e9l\u0151inek bevon\u00e1s\u00e1val<\/p>\n<p>- Legal\u00e1bb minim\u00e1lis sz\u00e1m\u00edt\u00f3g\u00e9pes \u00e9s internet felhaszn\u00e1l\u00f3i ismeretek sz\u00fcks\u00e9gesek<\/p>\n<\/main>\n\t\t\n\t<\/div>\t<\/article>\n\t\t\n\t\t\t\n\t<article class=\"wpa9-card-m-panel wpa9-panel \">\n\t<div class=\"rounded\">\n\t\t\t\t<header class=\"d-block flex-wrap pb-4\">\n\t\t\t\n\t\t\t\t\t\t\t\t<h2 class=\"wpa9-card-title\">One-day business\u00a0English<\/h2>\n\t\t\t\t<\/header>\n\n\t\t\t\t<main class=\"wpa9-card-content\"><p>Gyorsan fel kell k\u00e9sz\u00fclnie egy angol nyelv\u0171 prezent\u00e1ci\u00f3ra? Egy nemzetk\u00f6zi v\u00e1llalatn\u00e1l dolgozik, \u00e9s szeretn\u00e9 megtanulni, hogyan kommunik\u00e1ljon megfelel\u0151en a\u00a0szakmai partnereivel?<\/p>\n<p>V\u00e1lassza az egy napos \u00fczleti\u00a0angol tanfolyamunkat.<\/p>\n<p><b>MILYEN\u00a0T\u00c9M\u00c1K\u00a0SZEREPELNEK A\u00a0TANFOLYAMON?<\/b><\/p>\n<p>Az al\u00e1bbiak k\u00f6z\u00fcl\u00a0v\u00e1laszthat:<\/p>\n<p>\u2212 Business\u00a0Correspondence,<\/p>\n<p>\u2212 Management,<\/p>\n<p>\u2212 Business\u00a0Meetings,<\/p>\n<p>\u2212 Presentations,<\/p>\n<p>\u2212 Sales and\u00a0Purchasing,<\/p>\n<p>\u2212 Telephoning and Customer\u00a0Care<\/p>\n<p><b>MIT\u00a0KAP\u00a0A\u00a0TANFOLYAMON?<\/b><\/p>\n<p>- tippek \u00e9s tr\u00fckk\u00f6k az \u00fczleti kommunik\u00e1ci\u00f3hoz\u00a0,<\/p>\n<p>- fontos szavak \u00e9s\u00a0kifejez\u00e9sek intenz\u00edv ism\u00e9tl\u00e9se \u00e9s elsaj\u00e1t\u00edt\u00e1sa,<\/p>\n<p>- ide\u00e1lis kezd\u00e9s az \u00faj\u00a0munkahelyen<\/p>\n<p><b>HOGYAN N\u00c9Z KI A\u00a0TANFOLYAM\u00a0?<\/b><\/p>\n<p>- a tanfolyam sor\u00e1n csup\u00e1n egy, el\u0151re kiv\u00e1lasztott\u00a0t\u00e9m\u00e1n fog dolgozni,<\/p>\n<p>- n\u00e9gy blokkban (4x 90 perc) zajlik egyetlen nap alatt\u00a0<\/p>\n<p><b>MIK\u00a0AZ\u00a0ALAPFELT\u00c9TELEK?<\/b><\/p>\n<p>- legal\u00e1bb B1\u00a0szint\u0171 angol nyelvtud\u00e1s,<\/p>\n<p>- legal\u00e1bb n\u00e9gy di\u00e1kb\u00f3l \u00e1ll\u00f3\u00a0csoport.<\/p>\n<\/main>\n\t\t\n\t<\/div>\t<\/article>\n\t\t\n\n\t\t\n\t\n<\/section>\n<\/div><\/div><\/div><\/div><\/div><div id=\"pg-5286-1\"  class=\"panel-grid panel-has-style\" ><div class=\"siteorigin-panels-stretch panel-row-padding-none panel-row-style panel-row-style-for-5286-1\" data-stretch-type=\"full\" ><div id=\"pgc-5286-1-0\"  class=\"panel-grid-cell\" ><div id=\"panel-5286-1-0-0\" class=\"so-panel widget widget_wpa9-card-s panel-first-child panel-last-child\" data-index=\"1\" ><div\n\t\t\t\n\t\t\tclass=\"so-widget-wpa9-card-s so-widget-wpa9-card-s-default-c93e1481a745-5286\"\n\t\t\t\n\t\t><div class=\"wpa9-card wpa9-card-s wide negative\">\n\n\t<div class=\"wpa9-card-wrapper container\">\n\n\t\t<div class=\"wpa9-card-text\">\n\t\t\t<h2 class=\"wpa9-card-title\">Nem tal\u00e1lt megfelel\u0151 nyelvtanfolyamot?<\/h2>\n\t\t\t<div class=\"wpa9-card-content\"><p style=\"text-align: center\">szem\u00e9lyre szabott nyelvtanfolyamokat k\u00e9sz\u00edt\u00fcnk.<\/p>\n<\/div>\t\t<\/div>\n\n\t\t\t\t<div class=\"meta meta-buttons d-flex flex-row justify-content-center\">\n\t\t\t\t\t\t\t<a class=\"btn btn-negative show-inquiry-form\" href=\"https:\/\/skrivanek.sk\/dopyt\/\" title=\"Rendel\u00e9s k\u00fcld\u00e9se\">Rendel\u00e9s k\u00fcld\u00e9se<\/a>\n\t\t\t\t<\/div>\n\t\t\n\t<\/div>\n\n<\/div>\n<\/div><\/div><\/div><\/div><\/div><\/div>","protected":false},"excerpt":{"rendered":"<p>Csoportos oktat\u00e1s 17 nyelvet tan\u00edtunk 48 nyelvtanfolyamon, amelyek c\u00e9lja a kommunik\u00e1ci\u00f3s k\u00e9szs\u00e9gek fejleszt\u00e9se.\u00a0V\u00e1lassza ki az \u00d6nnek id\u0151 \u00e9s tartalom szempontj\u00e1b\u00f3l megfelel\u0151 tanfolyamot.\u00a0Kezdje el\u00a0most! + Az \u00f6sszes r\u00e9sztvev\u0151 k\u00f6z\u00f6s kommunik\u00e1ci\u00f3ja \u00e9s motiv\u00e1ci\u00f3ja + Megfizethet\u0151 \u00e9s id\u0151takar\u00e9kos + Felold\u00f3dik a nyelve, megszabadul a f\u00e9lelemt\u0151l &#8211; Id\u0151 \u00e9s hely tekintet\u00e9ben kev\u00e9sb\u00e9 rugalmas Rugalmas tanfolyamok Mi\u00e9rt rugalmas? Ezek rugalmas [&hellip;]<\/p>\n","protected":false},"author":11,"featured_media":0,"parent":5273,"menu_order":0,"comment_status":"closed","ping_status":"closed","template":"","meta":{"_acf_changed":false,"footnotes":""},"class_list":["post-5286","page","type-page","status-publish","hentry"],"acf":[],"_links":{"self":[{"href":"https:\/\/skrivanek.sk\/hu\/wp-json\/wp\/v2\/pages\/5286","targetHints":{"allow":["GET"]}}],"collection":[{"href":"https:\/\/skrivanek.sk\/hu\/wp-json\/wp\/v2\/pages"}],"about":[{"href":"https:\/\/skrivanek.sk\/hu\/wp-json\/wp\/v2\/types\/page"}],"author":[{"embeddable":true,"href":"https:\/\/skrivanek.sk\/hu\/wp-json\/wp\/v2\/users\/11"}],"replies":[{"embeddable":true,"href":"https:\/\/skrivanek.sk\/hu\/wp-json\/wp\/v2\/comments?post=5286"}],"version-history":[{"count":4,"href":"https:\/\/skrivanek.sk\/hu\/wp-json\/wp\/v2\/pages\/5286\/revisions"}],"predecessor-version":[{"id":6396,"href":"https:\/\/skrivanek.sk\/hu\/wp-json\/wp\/v2\/pages\/5286\/revisions\/6396"}],"up":[{"embeddable":true,"href":"https:\/\/skrivanek.sk\/hu\/wp-json\/wp\/v2\/pages\/5273"}],"wp:attachment":[{"href":"https:\/\/skrivanek.sk\/hu\/wp-json\/wp\/v2\/media?parent=5286"}],"curies":[{"name":"wp","href":"https:\/\/api.w.org\/{rel}","templated":true}]}}