{"id":5125,"date":"2025-03-28T09:12:51","date_gmt":"2025-03-28T08:12:51","guid":{"rendered":"https:\/\/skrivanek.sk\/contact\/"},"modified":"2026-02-19T15:00:38","modified_gmt":"2026-02-19T14:00:38","slug":"contact","status":"publish","type":"page","link":"https:\/\/skrivanek.sk\/en\/contact\/","title":{"rendered":"Contact"},"content":{"rendered":"<div id=\"pl-5125\"  class=\"panel-layout\" ><div id=\"pg-5125-0\"  class=\"panel-grid panel-has-style\" ><div class=\"siteorigin-panels-stretch panel-row-padding-none panel-row-style panel-row-style-for-5125-0\" id=\"all-branches\" data-stretch-type=\"full\" ><div id=\"pgc-5125-0-0\"  class=\"panel-grid-cell\" ><div id=\"panel-5125-0-0-0\" class=\"so-panel widget widget_siteorigin-panels-postloop panel-first-child panel-last-child\" data-index=\"0\" ><h3 class=\"widget-title\">Our branches<\/h3>\n\n  <!-- .posts -->\n  <div class=\"loop-places row\">\n\n\t  \n    <!-- article -->\n    <article class=\"col-12 col-md-6 shadow rounded post-6005 skrv-place type-skrv-place status-publish has-post-thumbnail hentry\" id=\"post-6005\">\n\n      <div class=\"entry-container\">\n\n        <header class=\"place-header\">\n          <span class=\"icon icon-location icon-outline\"><\/span><h3 class=\"post-title place-title f-general\">Bratislava<\/h3>\n        <\/header>\n\n        <address class=\"place-gm-info\"><p><span class=\"address-line1\">Jaro\u0161ova 1<\/span><br \/>\n<span class=\"postal-code\">831 03<\/span> <span class=\"locality\">Bratislava<\/span><br \/>\n<span class=\"country\">Slovensko<\/span><\/p>\n<p><strong>Language school<\/strong><br \/>\nE-mail: <a href=\"javascript:secureDecryptAndNavigate('BMzxm1eOSax1kt9EqPjCHFhbuJoW9jUsFSw+6gc+0XmwP5Rxi8Dh6pXR97CMsJ5XJqRDG698fdHh0Eq+R7xl5zJZpYArwzjB5zXBn3f4MNGJ3Him', '7b1a4fcbd15cdc4ff298d45c643aedac25b9f5dfd3b401621c50aebc320da748')\">&#98;&#114;a&#116;&#105;s&#108;&#97;&#118;a&#64;&#115;k&#111;l&#97;&#46;&#115;k&#114;&#105;va&#110;&#101;k.&#115;&#107;<\/a><br \/>\n<span class=\"caps\">GSM<\/span>: +421 910 584 184<\/p>\n<p><strong>Translation and interpreting<\/strong><br \/>\nE-mail: <a href=\"javascript:secureDecryptAndNavigate('TfZYeFRPaGhNHb1f\/7LupBtOWz059SnmzLwVz+txP2d0s77bIQjFuW8wsiBVw51XMzFw+6Vmkd3SxAQUmCvwJme9pqYszS1cqigZqA==', '7b1a4fcbd15cdc4ff298d45c643aedac25b9f5dfd3b401621c50aebc320da748')\">&#112;r&#101;kla&#100;&#121;&#64;&#115;kr&#105;&#118;an&#101;k&#46;&#115;k<\/a><br \/>\n<span class=\"caps\">GSM<\/span>: +421 910 584 184<\/p>\n<p><strong>Director Slovakia<\/strong><br \/>\nIng. Katar\u00edna Tk\u00e1\u010dov\u00e1<br \/>\nE-mail:\u00a0<a href=\"javascript:secureDecryptAndNavigate('97YdNswG7FfuxwjVWfDAL51z4cDpGnuxaoxPF6FfrK8SOwq0leHNrS1PH3fEMCU7vTlZE6nxQujwIdClYmahjP+kac+pY08qTQQWyPojWJkYQrgN', '7b1a4fcbd15cdc4ff298d45c643aedac25b9f5dfd3b401621c50aebc320da748')\">&#107;at&#97;r&#105;&#110;&#97;&#46;t&#107;&#97;cova&#64;sk&#114;iva&#110;ek&#46;&#115;&#107;<\/a><br \/>\n<span class=\"caps\">GSM<\/span>: +421 902\u00a0904\u00a0149<\/p>\n<\/address>\n\n        \n        \n        <figure class=\"thumbnail\">\n          <a href=\"https:\/\/skrivanek.sk\/en\/office\/bratislava\/\" class=\"\" title=\"Bratislava\">\n            <img decoding=\"async\" src=\"https:\/\/skrivanek.sk\/wp-content\/uploads\/2021\/02\/jarosova-slider-3-1-512x340.jpg\" alt=\"jarosova-slider-3\" \/>\n            <span class=\"btn btn-light\">Details<\/span>\n          <\/a>\n        <\/figure>\n\n        \n      <\/div>\n\n    <\/article>\n    <!-- \/article -->\n\n    \n    <!-- article -->\n    <article class=\"col-12 col-md-6 shadow rounded post-6007 skrv-place type-skrv-place status-publish has-post-thumbnail hentry\" id=\"post-6007\">\n\n      <div class=\"entry-container\">\n\n        <header class=\"place-header\">\n          <span class=\"icon icon-location icon-outline\"><\/span><h3 class=\"post-title place-title f-general\">Ko\u0161ice<\/h3>\n        <\/header>\n\n        <address class=\"place-gm-info\"><p>Werferova 1<br \/>\n<span class=\"postal-code\">040 11<\/span> <span class=\"locality\">Ko\u0161ice<\/span><br \/>\n<span class=\"country\">Slovensko<\/span><\/p>\n<p><strong>Language school<\/strong><br \/>\nEmail: <a href=\"javascript:secureDecryptAndNavigate('SZAlWcl+QrmuRaXr1BXsY9UmlYJhqf27maKWz+Bf5fjvJ+w92Zl6lM+xhRvnptS8FUPm+K30lHLM6OTUGkL\/A2Bw4rVQGl64L1td99ecT+M=', '7b1a4fcbd15cdc4ff298d45c643aedac25b9f5dfd3b401621c50aebc320da748')\">&#107;o&#115;&#105;&#99;&#101;&#64;sko&#108;&#97;&#46;sk&#114;iva&#110;e&#107;.&#115;&#107;<\/a> <\/a><br \/>\n<span class=\"caps\">GSM<\/span>: +421 910 584\u00a0184<\/p>\n<p><strong>Translation and interpreting<\/strong><br \/>\nEmail: <a href=\"javascript:secureDecryptAndNavigate('F2xvtGtTyzgeeDVbJ32XR2Pn6GNn4\/sjW1OIyl1CdENUBdz5d0L+hwjGqIC+NbJrq2CN3jNAic4d65Syhff5TEG7qABGVmyf6YkOVA==', '7b1a4fcbd15cdc4ff298d45c643aedac25b9f5dfd3b401621c50aebc320da748')\">&#112;r&#101;kl&#97;&#100;y&#64;&#115;k&#114;iv&#97;n&#101;&#107;.sk<\/a><br \/>\n<span class=\"caps\">GSM<\/span>: +421 910 584 184<\/p>\n<p><strong>Director Slovakia<\/strong><br \/>\nIng. Katar\u00edna Tk\u00e1\u010dov\u00e1<br \/>\nE-mail:\u00a0<a href=\"javascript:secureDecryptAndNavigate('BCqze5rtZqInjFmPxfhXoKCJ5yXO+zF2Ammym3tXiJuQ0XPMgw5q9KxajyLmKLZRn1GDqKZe06an\/kvcB\/\/NTmDjbXT7c+bl\/QOXfO9Ny2mxuWTj', '7b1a4fcbd15cdc4ff298d45c643aedac25b9f5dfd3b401621c50aebc320da748')\">k&#97;&#116;ari&#110;a.t&#107;&#97;&#99;&#111;va&#64;&#115;k&#114;i&#118;&#97;nek.&#115;&#107;<\/a><br \/>\n<span class=\"caps\">GSM<\/span>: +421 902 904\u00a0149<\/p>\n<\/address>\n\n        \n        \n        <figure class=\"thumbnail\">\n          <a href=\"https:\/\/skrivanek.sk\/en\/office\/kosice\/\" class=\"\" title=\"Ko\u0161ice\">\n            <img decoding=\"async\" src=\"https:\/\/skrivanek.sk\/wp-content\/uploads\/2021\/02\/aston-512x340.jpg\" alt=\"aston\" \/>\n            <span class=\"btn btn-light\">Details<\/span>\n          <\/a>\n        <\/figure>\n\n        \n      <\/div>\n\n    <\/article>\n    <!-- \/article -->\n\n    \n    \n  <\/div>\n  <!-- \/posts -->\n\n<\/div><\/div><\/div><\/div><\/div>","protected":false},"excerpt":{"rendered":"<p>Our branches Bratislava Jaro\u0161ova 1 831 03 Bratislava Slovensko Language school E-mail: bra&#116;&#105;&#115;&#108;&#97;&#118;a&#64;sk&#111;&#108;&#97;&#46;&#115;kriva&#110;ek&#46;&#115;k GSM: +421 910 584 184 Translation and interpreting E-mail: &#112;re&#107;la&#100;y&#64;s&#107;r&#105;&#118;&#97;&#110;ek&#46;&#115;k GSM: +421 910 584 184 Director Slovakia Ing. Katar\u00edna Tk\u00e1\u010dov\u00e1 E-mail:\u00a0k&#97;ta&#114;&#105;n&#97;&#46;t&#107;ac&#111;&#118;a&#64;&#115;&#107;&#114;&#105;vane&#107;.&#115;k GSM: +421 902\u00a0904\u00a0149 Details Ko\u0161ice Werferova 1 040 11 Ko\u0161ice Slovensko Language school Email: &#107;os&#105;&#99;e&#64;s&#107;&#111;l&#97;.skri&#118;&#97;n&#101;k&#46;&#115;k GSM: +421 910 584\u00a0184 Translation and [&hellip;]<\/p>\n","protected":false},"author":1,"featured_media":0,"parent":0,"menu_order":0,"comment_status":"closed","ping_status":"closed","template":"template-parts\/page-template__contact.php","meta":{"_acf_changed":false,"footnotes":""},"class_list":["post-5125","page","type-page","status-publish","hentry"],"acf":[],"_links":{"self":[{"href":"https:\/\/skrivanek.sk\/en\/wp-json\/wp\/v2\/pages\/5125","targetHints":{"allow":["GET"]}}],"collection":[{"href":"https:\/\/skrivanek.sk\/en\/wp-json\/wp\/v2\/pages"}],"about":[{"href":"https:\/\/skrivanek.sk\/en\/wp-json\/wp\/v2\/types\/page"}],"author":[{"embeddable":true,"href":"https:\/\/skrivanek.sk\/en\/wp-json\/wp\/v2\/users\/1"}],"replies":[{"embeddable":true,"href":"https:\/\/skrivanek.sk\/en\/wp-json\/wp\/v2\/comments?post=5125"}],"version-history":[{"count":4,"href":"https:\/\/skrivanek.sk\/en\/wp-json\/wp\/v2\/pages\/5125\/revisions"}],"predecessor-version":[{"id":6303,"href":"https:\/\/skrivanek.sk\/en\/wp-json\/wp\/v2\/pages\/5125\/revisions\/6303"}],"wp:attachment":[{"href":"https:\/\/skrivanek.sk\/en\/wp-json\/wp\/v2\/media?parent=5125"}],"curies":[{"name":"wp","href":"https:\/\/api.w.org\/{rel}","templated":true}]}}